{"id":13,"date":"2025-08-27T07:39:19","date_gmt":"2025-08-27T07:39:19","guid":{"rendered":"https:\/\/new88top1.com\/?page_id=13"},"modified":"2025-09-29T13:04:51","modified_gmt":"2025-09-29T13:04:51","slug":"new88","status":"publish","type":"page","link":"https:\/\/new88top1.com\/","title":{"rendered":"NEW88 CASINO NH\u00c0 C\u00c1I C\u00c1 C\u01af\u1ee2C UY T\u00cdN NH\u1ea4T 2025"},"content":{"rendered":"\n\t<section class=\"section\" id=\"section_248096071\">\n\t\t<div class=\"section-bg fill\" >\n\t\t\t\t\t\t\t\t\t\n\t\t\t\n\n\t\t<\/div>\n\n\t\t\n\n\t\t<div class=\"section-content relative\">\n\t\t\t\n\t<div id=\"text-3308819439\" class=\"text\">\n\t\t\n<h1><strong>NEW88 CASINO NH\u00c0 C\u00c1I C\u00c1 C\u01af\u1ee2C UY T\u00cdN NH\u1ea4T 2025<\/strong><\/h1>\n<p><a href=\"https:\/\/new88top1.com\/\"><strong>New88<\/strong><\/a> nh\u00e0 c\u00e1i \u0111\u01b0\u1ee3c s\u1ef1 t\u00edn nhi\u1ec7m cao c\u1ee7a c\u1ed9ng \u0111\u1ed3ng c\u01b0\u1ee3c th\u1ee7 Vi\u1ec7t Nam. Nh\u00e0 c\u00e1i New88 kh\u1eb3ng \u0111\u1ecbnh v\u1ecb th\u1ebf top 1 v\u1edbi kho game phong ph\u00fa, t\u1ef7 l\u1ec7 tr\u1ea3 th\u01b0\u1edfng cao c\u00f9ng c\u00e1c ch\u00ednh s\u00e1ch khuy\u1ebfn m\u00e3i h\u1ea5p d\u1eabn kh\u00e1c.<br \/>\n\t\t\n<style>\n#text-3308819439 {\n  text-align: center;\n}\n<\/style>\n\t<\/div>\n\t\n\t<div class=\"img has-hover x md-x lg-x y md-y lg-y\" id=\"image_1713778326\">\n\t\t\t\t\t\t\t\t<div class=\"img-inner dark\" >\n\t\t\t<img loading=\"lazy\" decoding=\"async\" width=\"1920\" height=\"500\" src=\"https:\/\/new88top1.com\/wp-content\/uploads\/2025\/08\/banner-new88-final.webp\" class=\"attachment-original size-original\" alt=\"new88\" srcset=\"https:\/\/new88top1.com\/wp-content\/uploads\/2025\/08\/banner-new88-final.webp 1920w, https:\/\/new88top1.com\/wp-content\/uploads\/2025\/08\/banner-new88-final-300x78.webp 300w, https:\/\/new88top1.com\/wp-content\/uploads\/2025\/08\/banner-new88-final-1024x267.webp 1024w, https:\/\/new88top1.com\/wp-content\/uploads\/2025\/08\/banner-new88-final-768x200.webp 768w, https:\/\/new88top1.com\/wp-content\/uploads\/2025\/08\/banner-new88-final-1536x400.webp 1536w\" sizes=\"auto, (max-width: 1920px) 100vw, 1920px\" \/>\t\t\t\t\t\t\n\t\t\t\t\t<\/div>\n\t\t\t\t\t\t\t\t\n<style>\n#image_1713778326 {\n  width: 100%;\n}\n<\/style>\n\t<\/div>\n\t\n\t<div id=\"text-55850223\" class=\"text\">\n\t\t\n<p><strong>GAME HOT T\u1ea0I NEW88 CASINO<\/strong><br \/>\n\t\t\n<style>\n#text-55850223 {\n  text-align: center;\n}\n<\/style>\n\t<\/div>\n\t\n<div class=\"row\"  id=\"row-1546854273\">\n\n\t<div id=\"col-1387901642\" class=\"col medium-3 small-12 large-3\"  >\n\t\t\t\t<div class=\"col-inner\"  >\n\t\t\t\n\t\t\t\n\t<div class=\"box has-hover   has-hover box-default box-text-bottom\" >\n\n\t\t<div class=\"box-image\" >\n\t\t\t\t\t\t<div class=\"\" >\n\t\t\t\t<img loading=\"lazy\" decoding=\"async\" width=\"180\" height=\"180\" src=\"https:\/\/new88top1.com\/wp-content\/uploads\/2025\/09\/kho-bau-aztec.webp\" class=\"attachment-medium size-medium\" alt=\"kho b\u00e1u aztec\" srcset=\"https:\/\/new88top1.com\/wp-content\/uploads\/2025\/09\/kho-bau-aztec.webp 180w, https:\/\/new88top1.com\/wp-content\/uploads\/2025\/09\/kho-bau-aztec-150x150.webp 150w\" sizes=\"auto, (max-width: 180px) 100vw, 180px\" \/>\t\t\t\t\t\t\t\t\t\t\t<\/div>\n\t\t\t\t\t<\/div>\n\n\t\t<div class=\"box-text text-center\" >\n\t\t\t<div class=\"box-text-inner\">\n\t\t\t\t\n<p>Kho b\u00e1u Aztec<\/p>\n\t\t\t<\/div>\n\t\t<\/div>\n\t<\/div>\n\t\n\t\t<\/div>\n\t\t\t\t\t<\/div>\n\n\t\n\n\t<div id=\"col-1922477853\" class=\"col medium-3 small-12 large-3\"  >\n\t\t\t\t<div class=\"col-inner\"  >\n\t\t\t\n\t\t\t\n\t<div class=\"box has-hover   has-hover box-text-bottom\" >\n\n\t\t<div class=\"box-image\" >\n\t\t\t\t\t\t<div class=\"\" >\n\t\t\t\t<img loading=\"lazy\" decoding=\"async\" width=\"180\" height=\"180\" src=\"https:\/\/new88top1.com\/wp-content\/uploads\/2025\/09\/duong-mat-chuoc.webp\" class=\"attachment-medium size-medium\" alt=\"\u0111\u01b0\u1eddng m\u1ea1t ch\u01b0\u1ee3c\" srcset=\"https:\/\/new88top1.com\/wp-content\/uploads\/2025\/09\/duong-mat-chuoc.webp 180w, https:\/\/new88top1.com\/wp-content\/uploads\/2025\/09\/duong-mat-chuoc-150x150.webp 150w\" sizes=\"auto, (max-width: 180px) 100vw, 180px\" \/>\t\t\t\t\t\t\t\t\t\t\t<\/div>\n\t\t\t\t\t<\/div>\n\n\t\t<div class=\"box-text text-center\" >\n\t\t\t<div class=\"box-text-inner\">\n\t\t\t\t\n<p>\u0110\u01b0\u1eddng m\u1ea1t ch\u01b0\u1ee3c<\/p>\n\t\t\t<\/div>\n\t\t<\/div>\n\t<\/div>\n\t\n\t\t<\/div>\n\t\t\t\t\t<\/div>\n\n\t\n\n\t<div id=\"col-897170103\" class=\"col medium-3 small-12 large-3\"  >\n\t\t\t\t<div class=\"col-inner\"  >\n\t\t\t\n\t\t\t\n\t<div class=\"box has-hover   has-hover box-text-bottom\" >\n\n\t\t<div class=\"box-image\" >\n\t\t\t\t\t\t<div class=\"\" >\n\t\t\t\t<img loading=\"lazy\" decoding=\"async\" width=\"180\" height=\"180\" src=\"https:\/\/new88top1.com\/wp-content\/uploads\/2025\/09\/neko-may-man.webp\" class=\"attachment-medium size-medium\" alt=\"neko may m\u1eafn\" srcset=\"https:\/\/new88top1.com\/wp-content\/uploads\/2025\/09\/neko-may-man.webp 180w, https:\/\/new88top1.com\/wp-content\/uploads\/2025\/09\/neko-may-man-150x150.webp 150w\" sizes=\"auto, (max-width: 180px) 100vw, 180px\" \/>\t\t\t\t\t\t\t\t\t\t\t<\/div>\n\t\t\t\t\t<\/div>\n\n\t\t<div class=\"box-text text-center\" >\n\t\t\t<div class=\"box-text-inner\">\n\t\t\t\t\n<p>Neko may m\u1eafn<\/p>\n\t\t\t<\/div>\n\t\t<\/div>\n\t<\/div>\n\t\n\t\t<\/div>\n\t\t\t\t\t<\/div>\n\n\t\n\n\t<div id=\"col-1038517600\" class=\"col medium-3 small-12 large-3\"  >\n\t\t\t\t<div class=\"col-inner\"  >\n\t\t\t\n\t\t\t\n\t<div class=\"box has-hover   has-hover box-text-bottom\" >\n\n\t\t<div class=\"box-image\" >\n\t\t\t\t\t\t<div class=\"\" >\n\t\t\t\t<img loading=\"lazy\" decoding=\"async\" width=\"180\" height=\"180\" src=\"https:\/\/new88top1.com\/wp-content\/uploads\/2025\/09\/kho-bau-thuyen-truong.webp\" class=\"attachment-medium size-medium\" alt=\"kho b\u00e1u thuy\u1ec1n tr\u01b0\u1edfng\" srcset=\"https:\/\/new88top1.com\/wp-content\/uploads\/2025\/09\/kho-bau-thuyen-truong.webp 180w, https:\/\/new88top1.com\/wp-content\/uploads\/2025\/09\/kho-bau-thuyen-truong-150x150.webp 150w\" sizes=\"auto, (max-width: 180px) 100vw, 180px\" \/>\t\t\t\t\t\t\t\t\t\t\t<\/div>\n\t\t\t\t\t<\/div>\n\n\t\t<div class=\"box-text text-center\" >\n\t\t\t<div class=\"box-text-inner\">\n\t\t\t\t\n<p>Kho b\u00e1u thuy\u1ec1n tr\u01b0\u1edfng<\/p>\n\t\t\t<\/div>\n\t\t<\/div>\n\t<\/div>\n\t\n\t\t<\/div>\n\t\t\t\t\t<\/div>\n\n\t\n<\/div>\n<p data-start=\"452\" data-end=\"694\">Ngo\u00e0i nh\u1eefng game hot \u1edf tr\u00ean, New88 c\u00f2n cung c\u1ea5p r\u1ea5t nhi\u1ec1u c\u00e1c s\u1ea3n ph\u1ea9m c\u00e1 c\u01b0\u1ee3c ph\u1ed5 bi\u1ebfn nh\u01b0 live casino, game b\u00e0i, b\u1eafn c\u00e1, x\u1ed5 s\u1ed1, c\u00e1 c\u01b0\u1ee3c th\u1ec3 thao v\u00e0 \u0111\u00e1 g\u00e0. M\u1ed7i th\u1ec3 lo\u1ea1i c\u00e1 c\u01b0\u1ee3c \u0111\u1ec1u c\u00f3 nhi\u1ec1u s\u1ea3nh c\u01b0\u1ee3c h\u1ea5p d\u1eabn, hi\u1ec7n \u0111\u1ea1i.<\/p>\n<p data-start=\"452\" data-end=\"694\">Nh\u00e0 c\u00e1i kh\u00f4ng ch\u1ec9 thu h\u00fat ng\u01b0\u1eddi ch\u01a1i nh\u1edd kho game ch\u1ea5t l\u01b0\u1ee3ng m\u00e0 c\u00f2n h\u1ea5p d\u1eabn ng\u01b0\u1eddi ch\u01a1i nh\u1edd h\u1ec7 th\u1ed1ng n\u1ea1p r\u00fat ti\u1ec1n nhanh ch\u00f3ng v\u00e0 \u0111\u1ed9 b\u1ea3o m\u1eadt cao. Nh\u00e0 c\u00e1i cho ph\u00e9p ng\u01b0\u1eddi ch\u01a1i giao d\u1ecbch v\u1edbi \u0111a d\u1ea1ng ph\u01b0\u01a1ng th\u1ee9c thanh to\u00e1n nh\u01b0 chuy\u1ec3n kho\u1ea3n ng\u00e2n h\u00e0ng, v\u00ed \u0111i\u1ec7n t\u1eed. H\u01a1n th\u1ebf n\u1eefa new88 casino c\u0169ng \u0111\u1ea9y m\u1ea1nh trong vi\u1ec7c \u0111\u00e0o t\u1ea1o \u0111\u1ed9i ng\u0169 ch\u0103m s\u00f3c kh\u00e1ch h\u00e0ng nh\u1eb1m mang \u0111\u1ebfn cho kh\u00e1ch h\u00e0ng s\u1ef1 h\u1ed7 tr\u1ee3 chuy\u00ean nghi\u1ec7p, nhi\u1ec7t t\u00ecnh v\u00e0 hi\u1ec7u qu\u1ea3 nh\u1ea5t.<\/p>\n<p data-start=\"452\" data-end=\"694\">Truy c\u1eadp ngay <a href=\"https:\/\/new88top1.com\/\"><strong>https:\/\/new88top1.com\/<\/strong><\/a> \u0111\u1ec3 t\u1eadn h\u01b0\u1edfng d\u1ecbch v\u1ee5 c\u00e1 c\u01b0\u1ee3c ch\u1ea5t l\u01b0\u1ee3ng v\u01b0\u1ee3t tr\u1ed9i, uy t\u00edn, an to\u00e0n v\u00e0 b\u1ea3o m\u1eadt nh\u1ea5t hi\u1ec7n nay.<\/p>\n\t\t<\/div>\n\n\t\t\n<style>\n#section_248096071 {\n  padding-top: 0px;\n  padding-bottom: 0px;\n  background-color: rgb(39, 38, 38);\n}\n<\/style>\n\t<\/section>\n\t\n","protected":false},"excerpt":{"rendered":"","protected":false},"author":1,"featured_media":67,"parent":0,"menu_order":0,"comment_status":"closed","ping_status":"closed","template":"page-blank.php","meta":{"footnotes":""},"class_list":["post-13","page","type-page","status-publish","has-post-thumbnail","hentry"],"_links":{"self":[{"href":"https:\/\/new88top1.com\/index.php\/wp-json\/wp\/v2\/pages\/13","targetHints":{"allow":["GET"]}}],"collection":[{"href":"https:\/\/new88top1.com\/index.php\/wp-json\/wp\/v2\/pages"}],"about":[{"href":"https:\/\/new88top1.com\/index.php\/wp-json\/wp\/v2\/types\/page"}],"author":[{"embeddable":true,"href":"https:\/\/new88top1.com\/index.php\/wp-json\/wp\/v2\/users\/1"}],"replies":[{"embeddable":true,"href":"https:\/\/new88top1.com\/index.php\/wp-json\/wp\/v2\/comments?post=13"}],"version-history":[{"count":8,"href":"https:\/\/new88top1.com\/index.php\/wp-json\/wp\/v2\/pages\/13\/revisions"}],"predecessor-version":[{"id":107,"href":"https:\/\/new88top1.com\/index.php\/wp-json\/wp\/v2\/pages\/13\/revisions\/107"}],"wp:featuredmedia":[{"embeddable":true,"href":"https:\/\/new88top1.com\/index.php\/wp-json\/wp\/v2\/media\/67"}],"wp:attachment":[{"href":"https:\/\/new88top1.com\/index.php\/wp-json\/wp\/v2\/media?parent=13"}],"curies":[{"name":"wp","href":"https:\/\/api.w.org\/{rel}","templated":true}]}}